{"id":134,"date":"2012-11-27T21:19:27","date_gmt":"2012-11-27T19:19:27","guid":{"rendered":"http:\/\/alania.de\/?page_id=134"},"modified":"2025-08-10T18:07:53","modified_gmt":"2025-08-10T16:07:53","slug":"impressum","status":"publish","type":"page","link":"https:\/\/twv.alania.de\/?page_id=134","title":{"rendered":"Impressum"},"content":{"rendered":"<p><strong>T.W.V. Alania zu Konstanz<\/strong><br \/>\nObere Laube 61<br \/>\n78462 Konstanz<br \/>\nDeutschland<\/p>\n<p><strong>Altherrenverband der TWV Alania<\/strong><br \/>\nPr\u00e4sident Jochen Langenberger<br \/>\n0713-70 57 312<br \/>\n<a href=\"mailto:knobel@langenberger.com\">knobel@langenberger.com<\/a><\/p>\n<p><a href=\"mailto:xxx@alania.de\">xxx@alania.de<\/a><br \/>\nwww.alania.de<\/p>\n<p>Redaktion, Design und Layout: Luigi Bellina, Waldkirch<br \/>\nContent Management System \u2013 WordPress<\/p>\n<p>Copyright: Alle Rechte vorbehalten, Gegen Verletzungen des Urheberrechts werden rechtliche Schritte eingeleitet. Dies gilt insbesondere bei unerlaubter Verwendung der hier bereitgestellten Texte und Bilder und Logos. Im Falle der Nutzung zu Werbezwecken wird auf dem Rechtsweg Schadensersatz eingefordert.<\/p>\n<p>Haftungsausschluss: Der Inhalt dieser Seiten dient nur der allgemeinen Information. Es wurde viel Sorgfalt aufgewendet um diese Webseiten mit richtigem und vollst\u00e4ndigem Inhalt zu bef\u00fcllen. Es wird keinerlei Haftung \u00fcbernommen, f\u00fcr Handlungen, die mittels auf diesen Seiten enthaltenen Informationsmaterialien unternommen werden. F\u00fcr Aktualit\u00e4t, Richtigkeit und Vollst\u00e4ndigkeit der auf diesen Webseiten bereitgestellten Informationen ist jegliche Gew\u00e4hrleistung ausgeschlossen.<\/p>\n<p>Privacy-Statement: Die Sammlung personenbezogener Daten in einer Datenbank dient ausschliesslich internen Zwecken, die Daten werden nicht an Dritte weitergegeben. Die L\u00f6schung pers\u00f6nlicher Daten kann jederzeit durch eine Mail veranlasst werden.<\/p>\n<p>Trotz sorgf\u00e4ltiger inhaltlicher Kontrolle \u00fcbernehmen wir keine Haftung f\u00fcr die Inhalte externer Links. F\u00fcr den Inhalt der verlinkten Seiten sind ausschlie\u00dflich deren Betreiber verantwortlich.<br \/>\nAlle hier verwendeten Namen, Begriffe, Zeichen und Grafiken k\u00f6nnen Marken- oder Warenzeichen im Besitze ihrer rechtlichen Eigent\u00fcmer sein. Die Rechte aller erw\u00e4hnten und benutzten Marken- und Warenzeichen liegen ausschlie\u00dflich bei deren Besitzern.<\/p>\n<p>Technische Verantwortung: <a href=\"http:\/\/www.ips.bellina.eu\">Bellina Consulting, Waldkirch<\/a><\/p>\n","protected":false},"excerpt":{"rendered":"<p>T.W.V. Alania zu Konstanz Obere Laube 61 78462 Konstanz Deutschland Altherrenverband der TWV Alania Pr\u00e4sident Jochen Langenberger 0713-70 57 312 knobel@langenberger.com xxx@alania.de www.alania.de Redaktion, Design und Layout: Luigi Bellina, Waldkirch Content Management System \u2013 WordPress Copyright: Alle Rechte vorbehalten, Gegen &hellip; <a href=\"https:\/\/twv.alania.de\/?page_id=134\">Weiterlesen <span class=\"meta-nav\">&rarr;<\/span><\/a><\/p>\n","protected":false},"author":1,"featured_media":0,"parent":0,"menu_order":0,"comment_status":"closed","ping_status":"closed","template":"","meta":{"ngg_post_thumbnail":0,"footnotes":""},"class_list":["post-134","page","type-page","status-publish","hentry"],"_links":{"self":[{"href":"https:\/\/twv.alania.de\/index.php?rest_route=\/wp\/v2\/pages\/134","targetHints":{"allow":["GET"]}}],"collection":[{"href":"https:\/\/twv.alania.de\/index.php?rest_route=\/wp\/v2\/pages"}],"about":[{"href":"https:\/\/twv.alania.de\/index.php?rest_route=\/wp\/v2\/types\/page"}],"author":[{"embeddable":true,"href":"https:\/\/twv.alania.de\/index.php?rest_route=\/wp\/v2\/users\/1"}],"replies":[{"embeddable":true,"href":"https:\/\/twv.alania.de\/index.php?rest_route=%2Fwp%2Fv2%2Fcomments&post=134"}],"version-history":[{"count":9,"href":"https:\/\/twv.alania.de\/index.php?rest_route=\/wp\/v2\/pages\/134\/revisions"}],"predecessor-version":[{"id":1119,"href":"https:\/\/twv.alania.de\/index.php?rest_route=\/wp\/v2\/pages\/134\/revisions\/1119"}],"wp:attachment":[{"href":"https:\/\/twv.alania.de\/index.php?rest_route=%2Fwp%2Fv2%2Fmedia&parent=134"}],"curies":[{"name":"wp","href":"https:\/\/api.w.org\/{rel}","templated":true}]}}