{"id":142,"date":"2012-11-27T21:33:09","date_gmt":"2012-11-27T19:33:09","guid":{"rendered":"http:\/\/alania.de\/?page_id=142"},"modified":"2013-05-26T00:01:54","modified_gmt":"2013-05-25T22:01:54","slug":"historie","status":"publish","type":"page","link":"https:\/\/twv.alania.de\/?page_id=142","title":{"rendered":"Historie"},"content":{"rendered":"<p><img loading=\"lazy\" decoding=\"async\" class=\"alignleft  wp-image-262\" title=\"Gr\u00fcnder: Wendelin Immler, Dr. Amor\" alt=\"Dr. Amor\" src=\"https:\/\/twv.alania.de\/wp-content\/uploads\/2012\/11\/DrAmor300x400.jpg\" width=\"180\" height=\"247\" srcset=\"https:\/\/twv.alania.de\/wp-content\/uploads\/2012\/11\/DrAmor300x400.jpg 300w, https:\/\/twv.alania.de\/wp-content\/uploads\/2012\/11\/DrAmor300x400-218x300.jpg 218w\" sizes=\"auto, (max-width: 180px) 100vw, 180px\" \/>Die Vorg\u00e4ngerverbindung TWV Arminia wurde 1906 gegr\u00fcndet aber schon 1910 suspendiert.<\/p>\n<p>Gr\u00fcndungsdatum der TWV Alania: 1.7.1911<br \/>\nGr\u00fcnder: Wendelin Immler v\/o Dr. Amor,<\/p>\n<p>Wahlspruch: Pro Gloria et Patria<\/p>\n<p>Bannerweihe 1924<\/p>\n<p>&nbsp;<\/p>\n<p><a href=\"https:\/\/twv.alania.de\/?attachment_id=284\" rel=\"attachment wp-att-284\"><img loading=\"lazy\" decoding=\"async\" class=\"alignleft size-full wp-image-284\" alt=\"1927Aktiv\" src=\"https:\/\/twv.alania.de\/wp-content\/uploads\/2012\/11\/1927Aktiv.jpg\" width=\"450\" height=\"328\" srcset=\"https:\/\/twv.alania.de\/wp-content\/uploads\/2012\/11\/1927Aktiv.jpg 450w, https:\/\/twv.alania.de\/wp-content\/uploads\/2012\/11\/1927Aktiv-150x109.jpg 150w, https:\/\/twv.alania.de\/wp-content\/uploads\/2012\/11\/1927Aktiv-300x218.jpg 300w, https:\/\/twv.alania.de\/wp-content\/uploads\/2012\/11\/1927Aktiv-411x300.jpg 411w\" sizes=\"auto, (max-width: 450px) 100vw, 450px\" \/><\/a><\/p>\n<p>&nbsp;<\/p>\n<p>Aufgrund der politischen Situation war die TWV Alania von Dez. 1935 &#8211; Mai 1947 inaktiv.<\/p>\n<p>&nbsp;<\/p>\n<p>&nbsp;<\/p>\n<div id=\"attachment_288\" style=\"width: 610px\" class=\"wp-caption alignnone\"><img loading=\"lazy\" decoding=\"async\" aria-describedby=\"caption-attachment-288\" class=\" wp-image-288 \" alt=\"25. Stiftungsfest 1935\" src=\"https:\/\/twv.alania.de\/wp-content\/uploads\/2012\/11\/25StiFe.jpg\" width=\"600\" height=\"388\" srcset=\"https:\/\/twv.alania.de\/wp-content\/uploads\/2012\/11\/25StiFe.jpg 600w, https:\/\/twv.alania.de\/wp-content\/uploads\/2012\/11\/25StiFe-150x97.jpg 150w, https:\/\/twv.alania.de\/wp-content\/uploads\/2012\/11\/25StiFe-300x194.jpg 300w, https:\/\/twv.alania.de\/wp-content\/uploads\/2012\/11\/25StiFe-463x300.jpg 463w\" sizes=\"auto, (max-width: 600px) 100vw, 600px\" \/><p id=\"caption-attachment-288\" class=\"wp-caption-text\">25. Stiftungsfest 1935<\/p><\/div>\n<p><img loading=\"lazy\" decoding=\"async\" class=\"wp-image-265 alignleft\" alt=\"Verlobung 1947\" src=\"https:\/\/twv.alania.de\/wp-content\/uploads\/2012\/11\/Verlobung.jpg\" width=\"360\" height=\"240\" srcset=\"https:\/\/twv.alania.de\/wp-content\/uploads\/2012\/11\/Verlobung.jpg 450w, https:\/\/twv.alania.de\/wp-content\/uploads\/2012\/11\/Verlobung-150x100.jpg 150w, https:\/\/twv.alania.de\/wp-content\/uploads\/2012\/11\/Verlobung-300x200.jpg 300w\" sizes=\"auto, (max-width: 360px) 100vw, 360px\" \/><\/p>\n<p>&nbsp;<\/p>\n<p>&nbsp;<\/p>\n<p>&nbsp;<\/p>\n<p>&nbsp;<\/p>\n<p>&nbsp;<\/p>\n<p>Im Mai 1947 wird die TWV Alania, trotz Versammlungsverbot der franz\u00f6sischen Besatzungsmacht, durch AH Fritz Leimenstoll v\/o Pi wiederbelebt. Er l\u00e4dt die Bundesbr\u00fcder zur Verlobungsfeier mit seiner geliebten &#8222;Alania&#8220; ein.<\/p>\n<p>Etwa 40 Teilnehmer feiern das erste (getarnte) Stiftungsfest nach dem Krieg.<\/p>\n<p>In den nachfolgenden Jahren wurde allm\u00e4hlich wieder eine Aktivitas aufgebaut, 1950 ist die Verbindung mit der ordnungsgem\u00e4\u00dfen Wahl eines AH Vorstandes wieder offiziell an der staatlichen Ingenieurschule Konstanz pr\u00e4sent.<\/p>\n<div id=\"attachment_287\" style=\"width: 610px\" class=\"wp-caption alignleft\"><img loading=\"lazy\" decoding=\"async\" aria-describedby=\"caption-attachment-287\" class=\" wp-image-287\" title=\"Aktivitas 1964\" alt=\"Aktivitas 1964\" src=\"https:\/\/twv.alania.de\/wp-content\/uploads\/2012\/11\/1964Aktiv.jpg\" width=\"600\" height=\"445\" srcset=\"https:\/\/twv.alania.de\/wp-content\/uploads\/2012\/11\/1964Aktiv.jpg 600w, https:\/\/twv.alania.de\/wp-content\/uploads\/2012\/11\/1964Aktiv-150x111.jpg 150w, https:\/\/twv.alania.de\/wp-content\/uploads\/2012\/11\/1964Aktiv-300x222.jpg 300w, https:\/\/twv.alania.de\/wp-content\/uploads\/2012\/11\/1964Aktiv-404x300.jpg 404w\" sizes=\"auto, (max-width: 600px) 100vw, 600px\" \/><p id=\"caption-attachment-287\" class=\"wp-caption-text\">Die Aktivitas im Sommersemester 1964<\/p><\/div>\n<p>Zwischen 1950 und 1970 hat die Verbindung einen sehr hohen Zulauf, zeitweise wird die Aktivenzahl auf zirka 20 Mitglieder eingeschr\u00e4nkt.<\/p>\n<p>Die 68er Bewegung sah die Verbindungen als Teil des verachteten &#8222;Establishments&#8220;. Zunehmender Wohlstand und die hohe Mobilit\u00e4t f\u00fchrten zu geringeren Mitgliederzahlen. Die Studenten verbrachten ihre Wochenenden nun seltener in der Musenstadt Konstanz, zu Lasten der gemeinsamen Freizeitaktivit\u00e4ten am Studienort. Dadurch folgerte eine geringere soziale Bindung unter Studierenden und eine geringere Bereitschaft zu Engagement in studentischen Vereinigungen.<\/p>\n<p>Die Mitgliederzahlen waren zwar noch gut aber deutlich unter denen der 60er Jahre. Eine neue Bl\u00fctezeit erlebt die Verbindung in den 80ern nach dem Beschluss, Studenten der Universit\u00e4t aufzunehmen.<\/p>\n<div id=\"attachment_118\" style=\"width: 1010px\" class=\"wp-caption alignleft\"><img loading=\"lazy\" decoding=\"async\" aria-describedby=\"caption-attachment-118\" class=\" wp-image-118 \" alt=\"75. Stiftungsfest 1986\" src=\"https:\/\/twv.alania.de\/wp-content\/uploads\/2012\/11\/cropped-75Stifest.jpg\" width=\"1000\" height=\"288\" srcset=\"https:\/\/twv.alania.de\/wp-content\/uploads\/2012\/11\/cropped-75Stifest.jpg 1000w, https:\/\/twv.alania.de\/wp-content\/uploads\/2012\/11\/cropped-75Stifest-300x86.jpg 300w, https:\/\/twv.alania.de\/wp-content\/uploads\/2012\/11\/cropped-75Stifest-500x144.jpg 500w\" sizes=\"auto, (max-width: 1000px) 100vw, 1000px\" \/><p id=\"caption-attachment-118\" class=\"wp-caption-text\">75. Stiftungsfest 1986<\/p><\/div>\n<p>&nbsp;<\/p>\n<p>&nbsp;<\/p>\n<p>&nbsp;<\/p>\n<p>&nbsp;<\/p>\n<p>&nbsp;<\/p>\n<p>&nbsp;<\/p>\n<p>&nbsp;<\/p>\n<p>&nbsp;<\/p>\n<p>&nbsp;<\/p>\n<p>&nbsp;<\/p>\n","protected":false},"excerpt":{"rendered":"<p>Die Vorg\u00e4ngerverbindung TWV Arminia wurde 1906 gegr\u00fcndet aber schon 1910 suspendiert. Gr\u00fcndungsdatum der TWV Alania: 1.7.1911 Gr\u00fcnder: Wendelin Immler v\/o Dr. Amor, Wahlspruch: Pro Gloria et Patria Bannerweihe 1924 &nbsp; &nbsp; Aufgrund der politischen Situation war die TWV Alania von &hellip; <a href=\"https:\/\/twv.alania.de\/?page_id=142\">Weiterlesen <span class=\"meta-nav\">&rarr;<\/span><\/a><\/p>\n","protected":false},"author":1,"featured_media":284,"parent":0,"menu_order":0,"comment_status":"closed","ping_status":"closed","template":"","meta":{"ngg_post_thumbnail":0,"footnotes":""},"class_list":["post-142","page","type-page","status-publish","has-post-thumbnail","hentry"],"_links":{"self":[{"href":"https:\/\/twv.alania.de\/index.php?rest_route=\/wp\/v2\/pages\/142","targetHints":{"allow":["GET"]}}],"collection":[{"href":"https:\/\/twv.alania.de\/index.php?rest_route=\/wp\/v2\/pages"}],"about":[{"href":"https:\/\/twv.alania.de\/index.php?rest_route=\/wp\/v2\/types\/page"}],"author":[{"embeddable":true,"href":"https:\/\/twv.alania.de\/index.php?rest_route=\/wp\/v2\/users\/1"}],"replies":[{"embeddable":true,"href":"https:\/\/twv.alania.de\/index.php?rest_route=%2Fwp%2Fv2%2Fcomments&post=142"}],"version-history":[{"count":3,"href":"https:\/\/twv.alania.de\/index.php?rest_route=\/wp\/v2\/pages\/142\/revisions"}],"predecessor-version":[{"id":507,"href":"https:\/\/twv.alania.de\/index.php?rest_route=\/wp\/v2\/pages\/142\/revisions\/507"}],"wp:featuredmedia":[{"embeddable":true,"href":"https:\/\/twv.alania.de\/index.php?rest_route=\/wp\/v2\/media\/284"}],"wp:attachment":[{"href":"https:\/\/twv.alania.de\/index.php?rest_route=%2Fwp%2Fv2%2Fmedia&parent=142"}],"curies":[{"name":"wp","href":"https:\/\/api.w.org\/{rel}","templated":true}]}}