{"id":28,"date":"2012-11-26T12:00:47","date_gmt":"2012-11-26T10:00:47","guid":{"rendered":"http:\/\/alania.de\/?page_id=28"},"modified":"2025-09-30T15:39:20","modified_gmt":"2025-09-30T13:39:20","slug":"aktivitas","status":"publish","type":"page","link":"https:\/\/twv.alania.de\/?page_id=28","title":{"rendered":"Aktivitas"},"content":{"rendered":"<p><img loading=\"lazy\" decoding=\"async\" class=\"wp-image-173 alignright\" title=\"Zipfel\" src=\"http:\/\/alania.de\/wp-content\/uploads\/2012\/11\/Zipfel-174x300.jpg\" alt=\"\" width=\"174\" height=\"300\" srcset=\"https:\/\/twv.alania.de\/wp-content\/uploads\/2012\/11\/Zipfel-174x300.jpg 174w, https:\/\/twv.alania.de\/wp-content\/uploads\/2012\/11\/Zipfel.jpg 488w\" sizes=\"auto, (max-width: 174px) 100vw, 174px\" \/> &#8222;Aktivitas&#8220; steht f\u00fcr die studierenden Mitglieder, sie besteht aus den Burschen und den Fuxen. Sobald sich ein Student entscheidet in die Verbindung einzutreten, wird er als Fux aufgenommen um dann nach 2 Semestern mit der Burschenpr\u00fcfung endg\u00fcltig den Lebensbund mit der Verbindung zu schlie\u00dfen.<\/p>\n<p>Gef\u00fchrt wird die Aktivitas von der Chargia: dem X (Senior), dem XX (Kassenwart), dem XXX (Schriftf\u00fchrer) und dem Fuxmajor (Nachwuchsbetreuer). Sie wird jedes Semester von den Burschen neu gew\u00e4hlt.<\/p>\n<p>Unsere Verbindung verwaltet auch drei zentral gelegene Wohnungen in Konstanz, bei Bedarf meldet euch bitte beim Wohnungswart.<\/p>\n<p>Derzeitige Chargen:<\/p>\n<p>Leonie Mutz v\/o Lennox X &#8211; <a href=\"mailto: x@alania.de\">Nachricht senden<\/a><br \/>\nElisabeth Mehler v\/o Luscinia XX &#8211; <a href=\"mailto: xx@alania.de\">Nachricht senden<\/a><br \/>\nLaura Leisner v\/o Lovelace XXX &#8211; <a href=\"mailto: xxx@alania.de\">Nachricht senden<\/a><br \/>\nStefanie Sartena v\/o Werner FM &#8211; <a href=\"mailto: fm@alania.de\">Nachricht senden<\/a><\/p>\n<p>Wohnungswart: Laura Leisner v\/o Lovelace<br \/>\n&nbsp; &nbsp; &nbsp; &nbsp; &nbsp; &nbsp; &nbsp; &nbsp; &nbsp; &nbsp; &nbsp; &nbsp; &nbsp; Leonard Pilz v\/o Ikarus<br \/>\n&nbsp; &nbsp; &nbsp; &nbsp; &nbsp; &nbsp; &nbsp; &nbsp; &nbsp; &nbsp; &nbsp; &nbsp; &nbsp; &#8211; <a href=\"mailto: xxx@alania.de\">Nachricht senden<\/a><\/p>\n<p>Die weiteren Aktiven:<br \/>\nAurel, Gandalf, \u00d6zelsbach<\/p>\n","protected":false},"excerpt":{"rendered":"<p>&#8222;Aktivitas&#8220; steht f\u00fcr die studierenden Mitglieder, sie besteht aus den Burschen und den Fuxen. Sobald sich ein Student entscheidet in die Verbindung einzutreten, wird er als Fux aufgenommen um dann nach 2 Semestern mit der Burschenpr\u00fcfung endg\u00fcltig den Lebensbund mit &hellip; <a href=\"https:\/\/twv.alania.de\/?page_id=28\">Weiterlesen <span class=\"meta-nav\">&rarr;<\/span><\/a><\/p>\n","protected":false},"author":1,"featured_media":120,"parent":0,"menu_order":0,"comment_status":"closed","ping_status":"closed","template":"","meta":{"ngg_post_thumbnail":0,"footnotes":""},"class_list":["post-28","page","type-page","status-publish","has-post-thumbnail","hentry"],"_links":{"self":[{"href":"https:\/\/twv.alania.de\/index.php?rest_route=\/wp\/v2\/pages\/28","targetHints":{"allow":["GET"]}}],"collection":[{"href":"https:\/\/twv.alania.de\/index.php?rest_route=\/wp\/v2\/pages"}],"about":[{"href":"https:\/\/twv.alania.de\/index.php?rest_route=\/wp\/v2\/types\/page"}],"author":[{"embeddable":true,"href":"https:\/\/twv.alania.de\/index.php?rest_route=\/wp\/v2\/users\/1"}],"replies":[{"embeddable":true,"href":"https:\/\/twv.alania.de\/index.php?rest_route=%2Fwp%2Fv2%2Fcomments&post=28"}],"version-history":[{"count":37,"href":"https:\/\/twv.alania.de\/index.php?rest_route=\/wp\/v2\/pages\/28\/revisions"}],"predecessor-version":[{"id":1124,"href":"https:\/\/twv.alania.de\/index.php?rest_route=\/wp\/v2\/pages\/28\/revisions\/1124"}],"wp:featuredmedia":[{"embeddable":true,"href":"https:\/\/twv.alania.de\/index.php?rest_route=\/wp\/v2\/media\/120"}],"wp:attachment":[{"href":"https:\/\/twv.alania.de\/index.php?rest_route=%2Fwp%2Fv2%2Fmedia&parent=28"}],"curies":[{"name":"wp","href":"https:\/\/api.w.org\/{rel}","templated":true}]}}