{"id":32,"date":"2012-11-26T12:44:12","date_gmt":"2012-11-26T10:44:12","guid":{"rendered":"http:\/\/alania.de\/?page_id=32"},"modified":"2025-09-30T15:40:08","modified_gmt":"2025-09-30T13:40:08","slug":"ah-verband","status":"publish","type":"page","link":"https:\/\/twv.alania.de\/?page_id=32","title":{"rendered":"AH-Verband"},"content":{"rendered":"<p><img loading=\"lazy\" decoding=\"async\" class=\"alignleft  wp-image-178\" title=\"bannerdet-k\" src=\"http:\/\/alania.de\/wp-content\/uploads\/2012\/11\/bannerdet-k-300x230.jpg\" alt=\"\" width=\"300\" height=\"230\" srcset=\"https:\/\/twv.alania.de\/wp-content\/uploads\/2012\/11\/bannerdet-k-300x230.jpg 300w, https:\/\/twv.alania.de\/wp-content\/uploads\/2012\/11\/bannerdet-k.jpg 318w\" sizes=\"auto, (max-width: 300px) 100vw, 300px\" \/>Mit Abschluss des Studiums wird das aktive Mitglied &#8222;philistriert&#8220;, d.h. mit einer speziellen Zeremonie verabschiedet. Damit erfolgt auch automatisch die Aufnahme in den Altherren Verband und ab dem darauf folgenden Kalenderjahr die Vollaufnahme als zahlendes Mitglied des AH Verbandes. Es beginnt die &#8222;Solidarit\u00e4tsphase&#8220; d.h. ab jetzt unterst\u00fctzt der nun im Berufsleben stehende Jungakademiker durch seinen Jahresbeitrag seinerseits die noch studierenden Mitglieder, die &#8222;Aktiven&#8220;, gewisserma\u00dfen eine Geste des Dankes, die R\u00fcckgabe erfahrener Hilfe w\u00e4hrend des Studiums. \u00dcber die Mitglieds-beitr\u00e4ge des AH Verbandes werden alle Aktivit\u00e4ten der Verbindung finanziert: Veranstaltungen, F\u00f6rderma\u00dfnahmen f\u00fcr die Aktivitas, \u00d6ffentlichkeitsarbeit, Zusch\u00fcsse.<\/p>\n<p>Das aktuelle AH-Pr\u00e4sidium setzt sich wie folgt zusammen:<\/p>\n<ul>\n<li>AH-Pr\u00e4side: Jochen Langenberger v\/o Knobel<\/li>\n<li>Stv. AH-Pr\u00e4side: Bruno Hilbert v\/o Bacchus<\/li>\n<li>AH-Qu\u00e4stor: Ingrid Kj\u00f6ge<\/li>\n<li>AH-Scriptor: Jonas Sebastian Neud\u00f6rfler v\/o Gambrinus<\/li>\n<li>Aktivitasreferent: Dieter Rommel v\/o Dr. Ammon<\/li>\n<\/ul>\n","protected":false},"excerpt":{"rendered":"<p>Mit Abschluss des Studiums wird das aktive Mitglied &#8222;philistriert&#8220;, d.h. mit einer speziellen Zeremonie verabschiedet. Damit erfolgt auch automatisch die Aufnahme in den Altherren Verband und ab dem darauf folgenden Kalenderjahr die Vollaufnahme als zahlendes Mitglied des AH Verbandes. Es &hellip; <a href=\"https:\/\/twv.alania.de\/?page_id=32\">Weiterlesen <span class=\"meta-nav\">&rarr;<\/span><\/a><\/p>\n","protected":false},"author":1,"featured_media":192,"parent":0,"menu_order":0,"comment_status":"closed","ping_status":"closed","template":"","meta":{"ngg_post_thumbnail":0,"footnotes":""},"class_list":["post-32","page","type-page","status-publish","has-post-thumbnail","hentry"],"_links":{"self":[{"href":"https:\/\/twv.alania.de\/index.php?rest_route=\/wp\/v2\/pages\/32","targetHints":{"allow":["GET"]}}],"collection":[{"href":"https:\/\/twv.alania.de\/index.php?rest_route=\/wp\/v2\/pages"}],"about":[{"href":"https:\/\/twv.alania.de\/index.php?rest_route=\/wp\/v2\/types\/page"}],"author":[{"embeddable":true,"href":"https:\/\/twv.alania.de\/index.php?rest_route=\/wp\/v2\/users\/1"}],"replies":[{"embeddable":true,"href":"https:\/\/twv.alania.de\/index.php?rest_route=%2Fwp%2Fv2%2Fcomments&post=32"}],"version-history":[{"count":10,"href":"https:\/\/twv.alania.de\/index.php?rest_route=\/wp\/v2\/pages\/32\/revisions"}],"predecessor-version":[{"id":1125,"href":"https:\/\/twv.alania.de\/index.php?rest_route=\/wp\/v2\/pages\/32\/revisions\/1125"}],"wp:featuredmedia":[{"embeddable":true,"href":"https:\/\/twv.alania.de\/index.php?rest_route=\/wp\/v2\/media\/192"}],"wp:attachment":[{"href":"https:\/\/twv.alania.de\/index.php?rest_route=%2Fwp%2Fv2%2Fmedia&parent=32"}],"curies":[{"name":"wp","href":"https:\/\/api.w.org\/{rel}","templated":true}]}}