{"id":428,"date":"2013-02-11T15:11:50","date_gmt":"2013-02-11T13:11:50","guid":{"rendered":"http:\/\/twv.alania.de\/?page_id=428"},"modified":"2013-02-12T16:24:11","modified_gmt":"2013-02-12T14:24:11","slug":"wahlspruch","status":"publish","type":"page","link":"https:\/\/twv.alania.de\/?page_id=428","title":{"rendered":"unser Wahlspruch &#8230;"},"content":{"rendered":"<p style=\"text-align: left;\"><img decoding=\"async\" class=\" wp-image-68 aligncenter\" alt=\"Wappen\" src=\"https:\/\/twv.alania.de\/wp-content\/uploads\/2012\/11\/Wappen.jpg\" width=\"150\" srcset=\"https:\/\/twv.alania.de\/wp-content\/uploads\/2012\/11\/Wappen.jpg 373w, https:\/\/twv.alania.de\/wp-content\/uploads\/2012\/11\/Wappen-241x300.jpg 241w\" sizes=\"(max-width: 373px) 100vw, 373px\" \/><\/p>\n<p style=\"text-align: left;\"><strong>Pro gloria et patria 1911:<\/strong><\/p>\n<p style=\"text-align: left;\">Bei der Gr\u00fcndung am 1. Juli 1911 wurde die Devise: &#8222;Pro gloria et patria&#8220; gew\u00e4hlt. Ein Spruch, der in die damalige Zeit und den vorherrschenden preussisch Wilhelminischen Zeitgeist eingebettet war. Patriotismus war modern. Inwieweit die herablassende Komponente eines \u00fcbersteigerten Nationalstolzes bei den Gr\u00fcndern und den damaligen Mitgliedern unserer Verbindung eine Rolle spielte, k\u00f6nnen wir heute nicht mehr nachvollziehen. Der Wahlspruch entsprach der militaristisch preussischen Tradition und passte nat\u00fcrlich zu einer schlagenden Verbindung und ihrem damaligen Selbstverst\u00e4ndnis.<\/p>\n<p>Nach dem 2. Weltkrieg entschieden die Mitglieder des neugew\u00e4hlten AH Vorstandes, dass genug Blut geflossen war und man daher k\u00fcnftig auf das Schlagen von Mensuren verzichtet.<\/p>\n<p><strong>Pro Gloria et Patria heute:<\/strong><\/p>\n<p><strong>Pro Gloria &#8230;  &#8211;  f\u00fcr Ruhm &#8230;<\/strong><br \/>\nEhrgeiz, Fleiss und Einsatz im Beruf und als Pers\u00f6nlichkeit, zum Wohle der Gesellschaft, des Berufsstandes, Innovationsgeist im Dienste des Fortschritts. Ruhm ist oft eine gute Motivation, Grossartiges zu leisten. Anerkennung in Gesellschaft, Industrie, Wirtschaft und Wissenschaft ist Ruhm wie wir ihn heute verstehen. Etwas, wof\u00fcr sich der pers\u00f6nliche Einsatz lohnt.<\/p>\n<p><strong>&#8230; et Patria &#8211; &#8230; und Vaterland<\/strong><br \/>\nEin gesundes Verh\u00e4ltnis zum Vaterland, zu den Wurzeln, zum heutigen Deutschland. Ein unbedingtes Bekenntnis zum Grundgesetz der Bundesrepublik, zu Demokratie und Toleranz. Die l\u00e4ngste Friedensperiode unserer Geschichte lehrt uns, dass gegenseitige Achtung und gemeinsame Anstrengungen zu einem gemeinsamen Europa f\u00fchren, in dem Nationalismus und Fremdenhass keinen Platz haben.<\/p>\n<p><img loading=\"lazy\" decoding=\"async\" class=\" wp-image-15 aligncenter\" alt=\"zirkel2\" src=\"https:\/\/twv.alania.de\/wp-content\/uploads\/2012\/11\/zirkel2.png\" width=\"45\" height=\"53\" \/><\/p>\n<p>&nbsp;<\/p>\n","protected":false},"excerpt":{"rendered":"<p>Pro gloria et patria 1911: Bei der Gr\u00fcndung am 1. Juli 1911 wurde die Devise: &#8222;Pro gloria et patria&#8220; gew\u00e4hlt. Ein Spruch, der in die damalige Zeit und den vorherrschenden preussisch Wilhelminischen Zeitgeist eingebettet war. Patriotismus war modern. Inwieweit die &hellip; <a href=\"https:\/\/twv.alania.de\/?page_id=428\">Weiterlesen <span class=\"meta-nav\">&rarr;<\/span><\/a><\/p>\n","protected":false},"author":1,"featured_media":189,"parent":0,"menu_order":0,"comment_status":"closed","ping_status":"closed","template":"","meta":{"ngg_post_thumbnail":0,"footnotes":""},"class_list":["post-428","page","type-page","status-publish","has-post-thumbnail","hentry"],"_links":{"self":[{"href":"https:\/\/twv.alania.de\/index.php?rest_route=\/wp\/v2\/pages\/428","targetHints":{"allow":["GET"]}}],"collection":[{"href":"https:\/\/twv.alania.de\/index.php?rest_route=\/wp\/v2\/pages"}],"about":[{"href":"https:\/\/twv.alania.de\/index.php?rest_route=\/wp\/v2\/types\/page"}],"author":[{"embeddable":true,"href":"https:\/\/twv.alania.de\/index.php?rest_route=\/wp\/v2\/users\/1"}],"replies":[{"embeddable":true,"href":"https:\/\/twv.alania.de\/index.php?rest_route=%2Fwp%2Fv2%2Fcomments&post=428"}],"version-history":[{"count":0,"href":"https:\/\/twv.alania.de\/index.php?rest_route=\/wp\/v2\/pages\/428\/revisions"}],"wp:featuredmedia":[{"embeddable":true,"href":"https:\/\/twv.alania.de\/index.php?rest_route=\/wp\/v2\/media\/189"}],"wp:attachment":[{"href":"https:\/\/twv.alania.de\/index.php?rest_route=%2Fwp%2Fv2%2Fmedia&parent=428"}],"curies":[{"name":"wp","href":"https:\/\/api.w.org\/{rel}","templated":true}]}}