{"id":45,"date":"2012-11-26T12:56:17","date_gmt":"2012-11-26T10:56:17","guid":{"rendered":"http:\/\/alania.de\/?page_id=45"},"modified":"2025-09-30T15:50:06","modified_gmt":"2025-09-30T13:50:06","slug":"semesterprogramm","status":"publish","type":"page","link":"https:\/\/twv.alania.de\/?page_id=45","title":{"rendered":"Semesterprogramm WiSe 2025\/26"},"content":{"rendered":"<p>Die Technisch-Wissenschaftliche Verbindung TWV Alania im OC zu Konstanz erlaubt sich, ihren verehrten Damen, ihren lieben Alten Herren, allen Bundes- und Farbenbr\u00fcdern und -schwestern sowie allen Freunden und G\u00e4sten das Programm f\u00fcr das aktuelle Couleursemester zu pr\u00e4sentieren und bittet darum, es als pers\u00f6nliche Einladung zu betrachten. Die hohen Chargen w\u00fcnschen ein erfolgreiches Wintersemester 2025\/26 und sch\u00f6ne Stunden im Kreise der Alanenfamilie.<\/p>\n<p><img loading=\"lazy\" decoding=\"async\" class=\"alignnone wp-image-1122 size-medium\" src=\"https:\/\/twv.alania.de\/wp-content\/uploads\/2025\/09\/sempro_wise25_26_a7_aussen-300x228.jpg\" alt=\"\" width=\"300\" height=\"228\" srcset=\"https:\/\/twv.alania.de\/wp-content\/uploads\/2025\/09\/sempro_wise25_26_a7_aussen-300x228.jpg 300w, https:\/\/twv.alania.de\/wp-content\/uploads\/2025\/09\/sempro_wise25_26_a7_aussen-1024x777.jpg 1024w, https:\/\/twv.alania.de\/wp-content\/uploads\/2025\/09\/sempro_wise25_26_a7_aussen-150x114.jpg 150w, https:\/\/twv.alania.de\/wp-content\/uploads\/2025\/09\/sempro_wise25_26_a7_aussen-768x583.jpg 768w, https:\/\/twv.alania.de\/wp-content\/uploads\/2025\/09\/sempro_wise25_26_a7_aussen-1536x1166.jpg 1536w, https:\/\/twv.alania.de\/wp-content\/uploads\/2025\/09\/sempro_wise25_26_a7_aussen-395x300.jpg 395w, https:\/\/twv.alania.de\/wp-content\/uploads\/2025\/09\/sempro_wise25_26_a7_aussen.jpg 1634w\" sizes=\"auto, (max-width: 300px) 100vw, 300px\" \/><img loading=\"lazy\" decoding=\"async\" class=\"alignnone wp-image-1121 size-medium\" src=\"https:\/\/twv.alania.de\/wp-content\/uploads\/2025\/09\/sempro_wise25_26_a7-300x228.jpg\" alt=\"\" width=\"300\" height=\"228\" srcset=\"https:\/\/twv.alania.de\/wp-content\/uploads\/2025\/09\/sempro_wise25_26_a7-300x228.jpg 300w, https:\/\/twv.alania.de\/wp-content\/uploads\/2025\/09\/sempro_wise25_26_a7-1024x777.jpg 1024w, https:\/\/twv.alania.de\/wp-content\/uploads\/2025\/09\/sempro_wise25_26_a7-150x114.jpg 150w, https:\/\/twv.alania.de\/wp-content\/uploads\/2025\/09\/sempro_wise25_26_a7-768x583.jpg 768w, https:\/\/twv.alania.de\/wp-content\/uploads\/2025\/09\/sempro_wise25_26_a7-1536x1166.jpg 1536w, https:\/\/twv.alania.de\/wp-content\/uploads\/2025\/09\/sempro_wise25_26_a7-395x300.jpg 395w, https:\/\/twv.alania.de\/wp-content\/uploads\/2025\/09\/sempro_wise25_26_a7.jpg 1634w\" sizes=\"auto, (max-width: 300px) 100vw, 300px\" \/><\/p>\n<p><span style=\"color: #ff0000;\">&nbsp;<\/span><\/p>\n<p>\u00dcber geplante Programmpunkte werden wir euch hier informieren.<\/p>\n<p>Sa.&nbsp; &nbsp; &nbsp; &nbsp; &nbsp; &nbsp; &nbsp; 18. Oktober&nbsp; &nbsp; &nbsp; &nbsp; &nbsp; &nbsp; &nbsp; Antrittscommers<\/p>\n<hr \/>\n<p>Di.&nbsp; &nbsp; &nbsp; &nbsp; &nbsp; &nbsp; &nbsp; 21. Oktober&nbsp; &nbsp; &nbsp; &nbsp; &nbsp; &nbsp; &nbsp; &nbsp;1. AC<\/p>\n<hr \/>\n<p>Di.&nbsp; &nbsp; &nbsp; &nbsp; &nbsp; &nbsp; &nbsp; 11. November&nbsp; &nbsp; &nbsp; &nbsp; &nbsp; &nbsp; 2. AC<\/p>\n<hr \/>\n<p>Di.&nbsp; &nbsp; &nbsp; &nbsp; &nbsp; &nbsp; &nbsp; 18. November&nbsp; &nbsp; &nbsp; &nbsp; &nbsp; &nbsp; Kreuzkneipe mit e.s.v. CStV Rhenania<br \/>\n&nbsp; &nbsp; &nbsp; &nbsp; &nbsp; &nbsp; &nbsp; &nbsp; &nbsp; &nbsp; &nbsp; &nbsp; &nbsp; &nbsp; &nbsp; &nbsp; &nbsp; &nbsp; &nbsp; &nbsp; &nbsp; &nbsp; &nbsp; &nbsp; &nbsp; &nbsp; &nbsp;(im Weinteufele)<\/p>\n<hr \/>\n<p>Di.&nbsp; &nbsp; &nbsp; &nbsp; &nbsp; &nbsp; &nbsp; 25. November&nbsp; &nbsp; &nbsp; &nbsp; &nbsp; &nbsp;Pl\u00e4tzchenbacken (Aktivitas, intern)<\/p>\n<hr \/>\n<p>Sa.&nbsp; &nbsp; &nbsp; &nbsp; &nbsp; &nbsp; &nbsp; 29. November&nbsp; &nbsp; &nbsp; &nbsp; &nbsp; &nbsp;Weihnachtscommers im Hotel Barbarossa<\/p>\n<hr \/>\n<p>Di.&nbsp; &nbsp; &nbsp; &nbsp; &nbsp; &nbsp; &nbsp; 09. Dezember&nbsp; &nbsp; &nbsp; &nbsp; &nbsp; &nbsp; 3. AC<\/p>\n<hr \/>\n<p>Sa.&nbsp; &nbsp; &nbsp; &nbsp; &nbsp; &nbsp; &nbsp; 13. Dezember&nbsp; &nbsp; &nbsp; &nbsp; &nbsp; &nbsp;Krambambuli<\/p>\n<hr \/>\n<p>Di.&nbsp; &nbsp; &nbsp; &nbsp; &nbsp; &nbsp; &nbsp; 16. Dezember&nbsp; &nbsp; &nbsp; &nbsp; &nbsp; &nbsp; &nbsp;4. AC<\/p>\n<hr \/>\n<p>Di.&nbsp; &nbsp; &nbsp; &nbsp; &nbsp; &nbsp; &nbsp; 13. Januar&nbsp; &nbsp; &nbsp; &nbsp; &nbsp; &nbsp; &nbsp; &nbsp; &nbsp; &nbsp;5. AC<\/p>\n<hr \/>\n<p>Di.&nbsp; &nbsp; &nbsp; &nbsp; &nbsp; &nbsp; &nbsp; 20. Januar&nbsp; &nbsp; &nbsp; &nbsp; &nbsp; &nbsp; &nbsp; &nbsp; &nbsp; &nbsp;6. AC<\/p>\n<hr \/>\n<p>Sa.&nbsp; &nbsp; &nbsp; &nbsp; &nbsp; &nbsp; &nbsp; 24. Januar&nbsp; &nbsp; &nbsp; &nbsp; &nbsp; &nbsp; &nbsp; &nbsp; &nbsp; Abschlusscommers<\/p>\n<p>Alle AC&#8217;s beginnen um 20.00 Uhr ct.<br \/>\nUnsere Konstante befindet sich in der Oberen Laube 61, 78462 Konstanz.<br \/>\nDas Programm ist als vorl\u00e4ufige Planung zu sehen, es wird inhaltlich laufend erg\u00e4nzt, insbesondere was die Vortragsinhalte betrifft. Wir sind bem\u00fcht, interessante und aktuelle Themen anzubieten, deshalb lohnt es sich hier \u00f6fter mal hereinzuschauen.<br \/>\nBei allen Veranstaltungen wird au\u00dferdem um kurze Voranmeldung gebeten.<\/p>\n<p style=\"text-align: center;\"><a href=\"https:\/\/twv.alania.de\/?attachment_id=15\" rel=\"attachment wp-att-15\"><img loading=\"lazy\" decoding=\"async\" class=\" wp-image-15 aligncenter\" src=\"https:\/\/twv.alania.de\/wp-content\/uploads\/2012\/11\/zirkel2.png\" alt=\"zirkel2\" width=\"47\" height=\"57\"\/><\/a><\/p>\n","protected":false},"excerpt":{"rendered":"<p>Die Technisch-Wissenschaftliche Verbindung TWV Alania im OC zu Konstanz erlaubt sich, ihren verehrten Damen, ihren lieben Alten Herren, allen Bundes- und Farbenbr\u00fcdern und -schwestern sowie allen Freunden und G\u00e4sten das Programm f\u00fcr das aktuelle Couleursemester zu pr\u00e4sentieren und bittet darum, &hellip; <a href=\"https:\/\/twv.alania.de\/?page_id=45\">Weiterlesen <span class=\"meta-nav\">&rarr;<\/span><\/a><\/p>\n","protected":false},"author":1,"featured_media":189,"parent":0,"menu_order":0,"comment_status":"closed","ping_status":"closed","template":"","meta":{"ngg_post_thumbnail":0,"footnotes":""},"class_list":["post-45","page","type-page","status-publish","has-post-thumbnail","hentry"],"_links":{"self":[{"href":"https:\/\/twv.alania.de\/index.php?rest_route=\/wp\/v2\/pages\/45","targetHints":{"allow":["GET"]}}],"collection":[{"href":"https:\/\/twv.alania.de\/index.php?rest_route=\/wp\/v2\/pages"}],"about":[{"href":"https:\/\/twv.alania.de\/index.php?rest_route=\/wp\/v2\/types\/page"}],"author":[{"embeddable":true,"href":"https:\/\/twv.alania.de\/index.php?rest_route=\/wp\/v2\/users\/1"}],"replies":[{"embeddable":true,"href":"https:\/\/twv.alania.de\/index.php?rest_route=%2Fwp%2Fv2%2Fcomments&post=45"}],"version-history":[{"count":215,"href":"https:\/\/twv.alania.de\/index.php?rest_route=\/wp\/v2\/pages\/45\/revisions"}],"predecessor-version":[{"id":1127,"href":"https:\/\/twv.alania.de\/index.php?rest_route=\/wp\/v2\/pages\/45\/revisions\/1127"}],"wp:featuredmedia":[{"embeddable":true,"href":"https:\/\/twv.alania.de\/index.php?rest_route=\/wp\/v2\/media\/189"}],"wp:attachment":[{"href":"https:\/\/twv.alania.de\/index.php?rest_route=%2Fwp%2Fv2%2Fmedia&parent=45"}],"curies":[{"name":"wp","href":"https:\/\/api.w.org\/{rel}","templated":true}]}}