{"id":46,"date":"2012-11-26T12:57:14","date_gmt":"2012-11-26T10:57:14","guid":{"rendered":"http:\/\/alania.de\/?page_id=46"},"modified":"2013-05-19T22:43:41","modified_gmt":"2013-05-19T20:43:41","slug":"termine-veranstaltungen","status":"publish","type":"page","link":"https:\/\/twv.alania.de\/?page_id=46","title":{"rendered":"Veranstaltungen"},"content":{"rendered":"<p>Veranstaltungen, Vortr\u00e4ge, Diskussionen sind unerl\u00e4\u00dflicher Bestandteil unserer Commerse. Das Angebot wird durch die Aktivitas festgelegt: Anl\u00e4sse sind z.B. die Brandung oder Burschung, Abschlussarbeiten zum Batchelor- oder Master.<\/p>\n<p>Ziel ist der interdisziplin\u00e4re Austausch, Ahnung von Themen zu bekommen, die auch au\u00dferhalb der eigenen Studienrichtung liegen.<\/p>\n<p>Votr\u00e4ge von AHAH haben in der Regel den Reiz, Erfahrungen aus dem Berufsleben zu vermitteln und so auf die weitere Zukunft vorzubereiten. Dazu sind gerne auch G\u00e4ste willkommen. Wir freuen uns \u00fcber Ihr Interesse, scheuen Sie sich nicht, Kontakt aufzunehmen.<\/p>\n","protected":false},"excerpt":{"rendered":"<p>Veranstaltungen, Vortr\u00e4ge, Diskussionen sind unerl\u00e4\u00dflicher Bestandteil unserer Commerse. Das Angebot wird durch die Aktivitas festgelegt: Anl\u00e4sse sind z.B. die Brandung oder Burschung, Abschlussarbeiten zum Batchelor- oder Master. Ziel ist der interdisziplin\u00e4re Austausch, Ahnung von Themen zu bekommen, die auch au\u00dferhalb &hellip; <a href=\"https:\/\/twv.alania.de\/?page_id=46\">Weiterlesen <span class=\"meta-nav\">&rarr;<\/span><\/a><\/p>\n","protected":false},"author":1,"featured_media":190,"parent":0,"menu_order":0,"comment_status":"closed","ping_status":"closed","template":"","meta":{"ngg_post_thumbnail":0,"footnotes":""},"class_list":["post-46","page","type-page","status-publish","has-post-thumbnail","hentry"],"_links":{"self":[{"href":"https:\/\/twv.alania.de\/index.php?rest_route=\/wp\/v2\/pages\/46","targetHints":{"allow":["GET"]}}],"collection":[{"href":"https:\/\/twv.alania.de\/index.php?rest_route=\/wp\/v2\/pages"}],"about":[{"href":"https:\/\/twv.alania.de\/index.php?rest_route=\/wp\/v2\/types\/page"}],"author":[{"embeddable":true,"href":"https:\/\/twv.alania.de\/index.php?rest_route=\/wp\/v2\/users\/1"}],"replies":[{"embeddable":true,"href":"https:\/\/twv.alania.de\/index.php?rest_route=%2Fwp%2Fv2%2Fcomments&post=46"}],"version-history":[{"count":0,"href":"https:\/\/twv.alania.de\/index.php?rest_route=\/wp\/v2\/pages\/46\/revisions"}],"wp:featuredmedia":[{"embeddable":true,"href":"https:\/\/twv.alania.de\/index.php?rest_route=\/wp\/v2\/media\/190"}],"wp:attachment":[{"href":"https:\/\/twv.alania.de\/index.php?rest_route=%2Fwp%2Fv2%2Fmedia&parent=46"}],"curies":[{"name":"wp","href":"https:\/\/api.w.org\/{rel}","templated":true}]}}