{"id":5,"date":"2012-11-25T23:09:43","date_gmt":"2012-11-25T21:09:43","guid":{"rendered":"http:\/\/alania.de\/?page_id=5"},"modified":"2025-09-30T15:56:45","modified_gmt":"2025-09-30T13:56:45","slug":"ueber-uns","status":"publish","type":"page","link":"https:\/\/twv.alania.de\/","title":{"rendered":"\u00dcber uns"},"content":{"rendered":"<p style=\"text-align: left;\">Die technisch-wissenschaftliche Verbindung Alania zu Konstanz ist eine farbentragende, \u00fcberkonfessionelle Studentenverbindung an den Konstanzer Hochschulen HTWG und Universit\u00e4t. Wir nehmen f\u00fcr uns in Anspruch, Traditionen zu pflegen und gleichzeitig offen f\u00fcr Fortschritt und neue Ideen zu sein.<\/p>\n<p style=\"text-align: left;\">Gegr\u00fcndet im Jahre 1911, sind wir eine der \u00e4ltesten Konstanzer Verbindungen, die seit 1947 durchgehend aktiv ist. Wir nehmen sowohl Universit\u00e4ts- als auch HTWG-Studenten auf, was Vielfalt an Gedankengut und Wissensspektrum zur Folge hat. Kontakte mit Studenten anderer Fachbereiche und folglich Einblick in andere Studieng\u00e4nge f\u00f6rdert das sp\u00e4ter im Beruf sehr wichtige interdisziplin\u00e4re Denken. In ihrer Zeit als Studenten entwickeln unsere &#8222;Aktiven&#8220; wichtige Beziehungen, die \u00fcber ein Studium hinaus gehen. Unsere Korporation bietet ein reales Netzwerk von Akademikern, die bereits im Arbeitsleben stehen. Damit kommen unsere noch studierenden &#8222;aktiven&#8220; Mitglieder nicht nur in den Genuss, auf wertvolle Erfahrungen von &#8222;Alten Herren&#8220; zur\u00fcckgreifen zu k\u00f6nnen. Oft gestaltet sich die Suche nach Praktikumspl\u00e4tzen und auch der sp\u00e4teren Arbeitsstelle einfacher. Leistungstr\u00e4ger haben gute Chancen in den Betrieben unserer Mitglieder in die berufliche Phase einzusteigen.<\/p>\n<p style=\"text-align: left;\">Wir treffen uns jeden Dienstag Abend in unserer <a href=\"http:\/\/alania.de\/?page_id=9\">Konstante <\/a>in der Oberen Laube 61, um in gem\u00fctlicher Atmosph\u00e4re den Abend zu gestalten, studentische Kultur zu pflegen, Spa\u00df zu haben und uns auszutauschen.<\/p>\n<h3 style=\"text-align: left;\">Was bieten wir?<\/h3>\n<p style=\"text-align: left;\">Wir bieten Gemeinschaft und Freundschaft zwischen Studenten (der Aktivitas) und ehemaligen Studenten (den Alten Herren), die f\u00fcreinander da sein und voneinander lernen wollen. Bei uns lassen sich Kontakte zwischen Jung und Alt kn\u00fcpfen. Die Studenten der h\u00f6heren Semester bieten jedem Einzelnen Hilfe im Studium und geben ihre Erfahrungen und ihr Wissen an die jungen Semester weiter.<\/p>\n<p style=\"text-align: left;\">Seminare und Kurse -meist durch den AH-Verband gef\u00f6rdert- unterst\u00fctzen Einstieg und Erfolg im Studium. Beispiele: Zeitmanagement, Projektmanagement, Rethorik, Lernsystematik &#8230;<br \/>\nExkursionen erm\u00f6glichen Einblicke in Firmen und er\u00f6ffnen neue Kontakte, festigen bestehende Beziehungen.<\/p>\n<p style=\"text-align: left;\">Wir beschr\u00e4nken uns aber nicht nur auf das Studium. Jedes Mitglied hat die M\u00f6glichkeit die Gemeinschaft mitzugestalten, Ideen und Vorschl\u00e4ge f\u00fcr gemeinsame Aktivit\u00e4ten einzubringen, auch die im Jahresplan feststehenden Convente zu gestalten. Eine abwechslungsreiche Freizeitgestaltung bietet f\u00fcr die verschiedensten Interessen Raum. W\u00e4hrend der Studienzeit gekn\u00fcpfte Freundschaften bleiben bei uns auch nach dem Studienabschluss bestehen, der Bezug zu Konstanz bleibt durch die j\u00e4hrlichen Treffen der Verbindung lebendig und wach.<\/p>\n<p style=\"text-align: left;\">Wir freuen uns \u00fcber junge Studierende (m\u00e4nnliche und weibliche), die sich in unserer Gemeinschaft engagieren wollen, die Verbindlichkeit suchen und Gemeinschaft gestalten wollen, die sich zu den Fragen unserer Zeit Gedanken machen. Unsere Verbindung ist eine Alternative zum passiven Studium, bei dem viele in der Anonymit\u00e4t untergehen.<\/p>\n<p style=\"text-align: left;\">Interesse? Dann schau doch einfach mal ganz unverbindlich bei einem unserer Treffen vorbei! Das Semesterprogramm gibt&#8217;s <a href=\"http:\/\/alania.de\/?page_id=45\">hier<\/a>&#8230;<img loading=\"lazy\" decoding=\"async\" class=\"aligncenter wp-image-15\" title=\"zirkel2\" src=\"http:\/\/alania.de\/wp-content\/uploads\/2012\/11\/zirkel2.png\" alt=\"\" width=\"50\" height=\"60\"\/><\/p>\n","protected":false},"excerpt":{"rendered":"<p>Die technisch-wissenschaftliche Verbindung Alania zu Konstanz ist eine farbentragende, \u00fcberkonfessionelle Studentenverbindung an den Konstanzer Hochschulen HTWG und Universit\u00e4t. Wir nehmen f\u00fcr uns in Anspruch, Traditionen zu pflegen und gleichzeitig offen f\u00fcr Fortschritt und neue Ideen zu sein. Gegr\u00fcndet im Jahre &hellip; <a href=\"https:\/\/twv.alania.de\/\">Weiterlesen <span class=\"meta-nav\">&rarr;<\/span><\/a><\/p>\n","protected":false},"author":1,"featured_media":119,"parent":0,"menu_order":0,"comment_status":"closed","ping_status":"closed","template":"sidebar-page.php","meta":{"ngg_post_thumbnail":0,"footnotes":""},"class_list":["post-5","page","type-page","status-publish","has-post-thumbnail","hentry"],"_links":{"self":[{"href":"https:\/\/twv.alania.de\/index.php?rest_route=\/wp\/v2\/pages\/5","targetHints":{"allow":["GET"]}}],"collection":[{"href":"https:\/\/twv.alania.de\/index.php?rest_route=\/wp\/v2\/pages"}],"about":[{"href":"https:\/\/twv.alania.de\/index.php?rest_route=\/wp\/v2\/types\/page"}],"author":[{"embeddable":true,"href":"https:\/\/twv.alania.de\/index.php?rest_route=\/wp\/v2\/users\/1"}],"replies":[{"embeddable":true,"href":"https:\/\/twv.alania.de\/index.php?rest_route=%2Fwp%2Fv2%2Fcomments&post=5"}],"version-history":[{"count":6,"href":"https:\/\/twv.alania.de\/index.php?rest_route=\/wp\/v2\/pages\/5\/revisions"}],"predecessor-version":[{"id":1130,"href":"https:\/\/twv.alania.de\/index.php?rest_route=\/wp\/v2\/pages\/5\/revisions\/1130"}],"wp:featuredmedia":[{"embeddable":true,"href":"https:\/\/twv.alania.de\/index.php?rest_route=\/wp\/v2\/media\/119"}],"wp:attachment":[{"href":"https:\/\/twv.alania.de\/index.php?rest_route=%2Fwp%2Fv2%2Fmedia&parent=5"}],"curies":[{"name":"wp","href":"https:\/\/api.w.org\/{rel}","templated":true}]}}