{"id":544,"date":"2013-06-06T07:35:26","date_gmt":"2013-06-06T05:35:26","guid":{"rendered":"http:\/\/twv.alania.de\/?page_id=544"},"modified":"2013-06-06T07:58:09","modified_gmt":"2013-06-06T05:58:09","slug":"zum-103-stiftungsfest","status":"publish","type":"page","link":"https:\/\/twv.alania.de\/?page_id=544","title":{"rendered":"zum 103. Stiftungsfest"},"content":{"rendered":"<p><strong><span style=\"font-size: large;\">Rede des Seniors der Aktivitas Martin Saal v\/o Seneca zum Festcommers<\/span><\/strong><\/p>\n<p style=\"text-align: justify;\">Liebe Bundesbr\u00fcder, liebe Damen, liebe G\u00e4ste,<\/p>\n<p style=\"text-align: justify;\">ich freue mich, euch alle hier zu unserem 103. Stiftungsfest begr\u00fc\u00dfen zu d\u00fcrfen.<br \/>\nSeit meinem Beitritt in die Alania habe ich viele Gespr\u00e4che mit Freunden und Kommilitonen gef\u00fchrt, die sich um die Frage gedreht haben, was das besondere und charakteristische an einer Verbindung ist. Welche Gemeinsamkeiten, welche Unterschiede gibt es zu verbreiteten Arten von Gruppierungen?<br \/>\nEs gibt viele Vereine und Gruppen, denen man beitritt, um ein Hobby oder eine bestimmte Sportart zu verfolgen. Man trifft auf Personen, weil ein gemeinsames Interesse besteht und dieses einfacher &#8211; oder wie bei Mannschaftssportarten sogar ausschlie\u00dflich \u2013 im Verein verfolgt werden kann. Es werden von Vereinsseite Infrastruktur und Regelwerk bereitgestellt, um den Mitgliedern einen Rahmen zu geben, nach dem ihre Veranstaltungen stattfinden.<\/p>\n<p style=\"text-align: justify;\">Auch bei uns wird durch die Konstante eine R\u00e4umlichkeit und durch den Comment ein Regelwerk zur Verf\u00fcgung gestellt, wodurch unsere Treffen Struktur und Regelm\u00e4\u00dfigkeit erhalten, aber es gibt keine bestimmte T\u00e4tigkeit, wegen der wir uns versammeln. Das Treffen an sich ist der Grund f\u00fcr unser Zusammenkommen. Und dabei steht vor allem das Kennenlernen von Themen, mit denen man sonst nicht in Kontakt kommt, im Vordergrund. Hierin unterscheiden wir uns also wesentlich von Sport- und Hobby-Clubs.<\/p>\n<p style=\"text-align: justify;\">Eine andere Art von Gemeinschaften sind solche, die im Kern der Durchsetzung von den eigenen Zielen und Vorstellungen dienen. Hierzu geh\u00f6ren nat\u00fcrlich die politischen Parteien, aber auch Interessengruppen und Lobby-Verb\u00e4nde. Durch das Zusammenschlie\u00dfen wollen sie sich ein gr\u00f6\u00dferes Gewicht in Diskussionen, eine h\u00f6here Aufmerksamkeit und bessere M\u00f6glichkeiten zur Einflussnahme verschaffen.<\/p>\n<p style=\"text-align: justify;\">Als nicht politisch ausgerichtete Verbindung haben wir aber nicht den Anspruch, ein bestimmtes Gesellschaftsbild zu verfolgen oder ein Anliegen durchzusetzen. Nat\u00fcrlich hat die Alania Ziele, jedoch betreffen diese einzig und allein das F\u00f6rdern der eigenen Mitglieder. Wir bringen unseren Mitgliedern Vorteile, ob durch Hilfe beim Studium -wenn n\u00f6tig- oder durch das Erlernen gewisser F\u00e4higkeiten wie das sichere Auftreten vor einer gr\u00f6\u00dferen Runde. Jedoch ist dies ein reiner Selbstzweck und hat nicht den Hintergedanken, dass sich die so Unterst\u00fctzten sp\u00e4ter durch mehr revanchieren als durch den Einsatz f\u00fcr die dann nachfolgende Alanen-Generation.<\/p>\n<p style=\"text-align: justify;\">Die dritte gro\u00dfe Gruppierung sind ehrenamtliche Vereine, denen man aus dem Wunsch anderen zu helfen und sich zu engagieren beitritt.<\/p>\n<p style=\"text-align: justify;\">In der Form der Unterst\u00fctzung f\u00fcr die Aktiven durch unseren AH-Verband findet sich auch bei uns ein \u00e4hnlicher Gedanke. Wir erwarten jedoch, dass sich jeder nach dem Studium seinen F\u00e4higkeiten und M\u00f6glichkeiten entsprechend f\u00fcr die Aktivitas einsetzt.<\/p>\n<p style=\"text-align: justify;\">Studentenverbindungen sind eine eigene Art von Gemeinschaft, deren pr\u00e4gendsten Elemente in keinem oben beschriebenen Typus vorkommen.<\/p>\n<p style=\"text-align: justify;\">Meistens verl\u00e4sst man mit dem Wohnort auch die Vereine in denen man aktiv war und sucht sich in der neuen Stadt einen entsprechenden Ersatz. Wir jedoch haben den Wunsch auch nach dem Studium der Stadt Konstanz und den hier kennengelernten Freunden verbunden zu bleiben, auch wenn wir weggezogen sind. Durch die Alania und das Lebensbundrpinzip bewahren wir uns eine st\u00e4rkere Zugeh\u00f6rigkeit zu Konstanz als lediglich die Erinnerung an einen sch\u00f6nen Studienort.<\/p>\n<p style=\"text-align: justify;\">Dar\u00fcber hinaus ist bei uns einer der wichtigsten Aspekte das Erweitern des eigenen Horizonts durch den Kontakt zu Studenten sowie ehemaligen Absolventen der verschiedensten Fachrichtungen und damit auch das Kennenlernen anderer Sicht- und Denkweisen. Nicht die Gemeinsamkeiten wie bei den oben beschriebenen Typen von Gruppierungen sondern die Unterschiede in den Interessen, den Hobbys und der Studienwahl der Mitgliedern sind es, die das Verbindungsleben erst spannend und faszinierend machen.<\/p>\n<p style=\"text-align: justify;\">In K\u00fcrze wird diese Vielf\u00e4ltigkeit in der Alania noch verst\u00e4rkt. Wir haben am heutigen Nachmittag die Frage diskutiert, ob wir Frauen in den Kreis der Aktiven aufnehmen werden. Am Ende wurde der Beschluss gefasst, dass wir uns f\u00fcr Studentinnen der HTWG und Universit\u00e4t Konstanz \u00f6ffnen werden.<\/p>\n<p style=\"text-align: justify;\">Dieser Schritt ist eine wichtige Weichenstellung f\u00fcr unsere Zukunft, weil wir so den beschriebenen Charakterzug einer Verbindung st\u00e4rken und wir ohne eine solche \u00c4nderung auch unseren Anspruch, auf Aufgaben in Gesellschaft und Wirtschaft vorzubereiten, verlieren werden. Es handelt sich nicht um das Mitlaufen bei einer Modeerscheinung, sondern um das notwendige Einholen einer gesellschaftliche Entwicklung.<\/p>\n<p style=\"text-align: justify;\">Unsere Traditionen und Ideale wahren wir, indem wir die Ideen, welche hinter den Regeln der Alania stehen, so gut wir k\u00f6nnen in unserer Verbindung umsetzen. Wir d\u00fcrfen diese Regeln daher nicht f\u00fcr unver\u00e4nderlich halten und m\u00fcssen bereit sein eine Neujustierung zu akzeptieren, wenn sie dazu dient, unseren Fokus auf die Grundlagen unserer Gemeinschaft auszurichten. <\/p>\n<p><span style=\"font-size: small;\"><\/p>\n<p style=\"text-align: justify;\">Copyright Martin Saal, Verwendung dieses Inhalts, -auch auszugsweise- nur mit Genehmigung des Verfassers.<\/p>\n<p><\/span><br \/>\n<img loading=\"lazy\" decoding=\"async\" class=\"aligncenter\" title=\"zirkel2\" alt=\"\" src=\"http:\/\/alania.de\/wp-content\/uploads\/2012\/11\/zirkel2.png\" width=\"46\" height=\"56\" \/><\/p>\n","protected":false},"excerpt":{"rendered":"<p>Rede des Seniors der Aktivitas Martin Saal v\/o Seneca zum Festcommers Liebe Bundesbr\u00fcder, liebe Damen, liebe G\u00e4ste, ich freue mich, euch alle hier zu unserem 103. Stiftungsfest begr\u00fc\u00dfen zu d\u00fcrfen. Seit meinem Beitritt in die Alania habe ich viele Gespr\u00e4che &hellip; <a href=\"https:\/\/twv.alania.de\/?page_id=544\">Weiterlesen <span class=\"meta-nav\">&rarr;<\/span><\/a><\/p>\n","protected":false},"author":1,"featured_media":0,"parent":0,"menu_order":0,"comment_status":"closed","ping_status":"closed","template":"","meta":{"ngg_post_thumbnail":0,"footnotes":""},"class_list":["post-544","page","type-page","status-publish","hentry"],"_links":{"self":[{"href":"https:\/\/twv.alania.de\/index.php?rest_route=\/wp\/v2\/pages\/544","targetHints":{"allow":["GET"]}}],"collection":[{"href":"https:\/\/twv.alania.de\/index.php?rest_route=\/wp\/v2\/pages"}],"about":[{"href":"https:\/\/twv.alania.de\/index.php?rest_route=\/wp\/v2\/types\/page"}],"author":[{"embeddable":true,"href":"https:\/\/twv.alania.de\/index.php?rest_route=\/wp\/v2\/users\/1"}],"replies":[{"embeddable":true,"href":"https:\/\/twv.alania.de\/index.php?rest_route=%2Fwp%2Fv2%2Fcomments&post=544"}],"version-history":[{"count":9,"href":"https:\/\/twv.alania.de\/index.php?rest_route=\/wp\/v2\/pages\/544\/revisions"}],"predecessor-version":[{"id":673,"href":"https:\/\/twv.alania.de\/index.php?rest_route=\/wp\/v2\/pages\/544\/revisions\/673"}],"wp:attachment":[{"href":"https:\/\/twv.alania.de\/index.php?rest_route=%2Fwp%2Fv2%2Fmedia&parent=544"}],"curies":[{"name":"wp","href":"https:\/\/api.w.org\/{rel}","templated":true}]}}