{"id":65,"date":"2012-11-26T23:28:09","date_gmt":"2012-11-26T21:28:09","guid":{"rendered":"http:\/\/alania.de\/?page_id=65"},"modified":"2013-10-06T19:44:41","modified_gmt":"2013-10-06T17:44:41","slug":"mitgliedschaft","status":"publish","type":"page","link":"https:\/\/twv.alania.de\/?page_id=65","title":{"rendered":"Mitgliedschaft"},"content":{"rendered":"<p><a href=\"http:\/\/alania.de\/wp-content\/uploads\/2012\/11\/imperia.jpg\"><img loading=\"lazy\" decoding=\"async\" width=\"144\" height=\"300\" class=\" wp-image-200 alignright\" title=\"imperia\" alt=\"\" src=\"http:\/\/alania.de\/wp-content\/uploads\/2012\/11\/imperia-144x300.jpg\" srcset=\"https:\/\/twv.alania.de\/wp-content\/uploads\/2012\/11\/imperia-144x300.jpg 144w, https:\/\/twv.alania.de\/wp-content\/uploads\/2012\/11\/imperia.jpg 230w\" sizes=\"auto, (max-width: 144px) 100vw, 144px\" \/><\/a>In die TWV Alania k\u00f6nnen sowohl m\u00e4nnliche wie auch weibliche Studenten der Konstanzer Hochschulen aufgenommen werden. Voraussetzung f\u00fcr die Mitgliedschaft ist die Immatrikulation an HTWG oder Universit\u00e4t, die Bereitschaft, aktiv an der Gestaltung des Verbindungslebens mitzuwirken, Verantwortung zu \u00fcbernehmen, im Austausch mit Kommilitonen anderer Fachbereiche an der pers\u00f6nlichen Weiterentwicklung zu wirken. Im Gegensatz zu den heute allgegenw\u00e4rtigen &#8222;virtuellen&#8220; Netzwerken, stellt unsere Verbindung ein reales Netzwerk dar, das Pflege durch pers\u00f6nlichen Austausch und physische Pr\u00e4senz in der Gemeinschaft (er-)fordert. Das war im Sinne der Gr\u00fcnder und ist auch heute noch so g\u00fcltig.<\/p>\n<p>Wir sind \u00fcberzeugt, dass unsere Gesellschaft auch k\u00fcnftig unverwechselbare Pers\u00f6nlichkeiten braucht, ausgestattet mit ethischen Werten und der Bereitschaft, diese Werte zu vertreten und weiter zu geben. Das Leistungsprinzip spielt eine wichtige Rolle, der eigentlich positive Begriff &#8222;Seilschaft&#8220; ist heute leider negativ verfremdet und wird oft als solcher auf Verbindungen \u00fcbertragen. Gro\u00dfe Aufgaben, z. B. einen F\u00fcnftausender bezwingen, kann nur eine Seilschaft &#8211; ein Team mit gleichem Ziel. Daran ist nichts schlecht.<br \/>\nWir halten auch nichts von Proporz, fachliche und pers\u00f6nliche F\u00e4higkeiten sind ausschlaggebend f\u00fcr die \u00dcbernahme von Verantwortung, auch in unserer Verbindung.<\/p>\n<p>Vor allem angehende Akademiker sollten grunds\u00e4tzlich skeptisch gegen\u00fcber Vorurteilen stehen und sich eine eigene Meinung bilden, z. B. durch einen Besuch als Gast pr\u00fcfen und sich ein Bild machen was unsere Verbindung bieten kann. Wir freuen uns auf neugierige Studenten und deren Fragen.<\/p>\n<p>Die &#8222;Alten Herren&#8220; sind stets f\u00fcr ein Coaching oder f\u00fcr einen Ratschlag erreichbar, die Bandbreite der Berufe ist sehr gro\u00df, Aktive und AH&#8217;s k\u00f6nnen auf einen enormen Fundus an Erfahrungen zur\u00fcckgreifen. Ein breit gef\u00e4chertes Spektrum aus selbst\u00e4ndigen Unternehmern, Anw\u00e4lten, Unternehmensberatern, Architekten, leitenden Angestellten, Ingenieuren, Dozenten und andere bieten dem studierenden Mitglied eine Orientierung f\u00fcr den sp\u00e4teren Einstieg ins Berufsleben.<\/p>\n<p>Wir verstehen uns als \u00fcberzeugte weltoffene Europ\u00e4er. Wir sind auch darauf stolz, nichtdeutsche Mitglieder zu haben, bereichern sie doch unser Kulturverst\u00e4ndnis und erweitern unseren Horizont.<\/p>\n<p>Anl\u00e4sslich des 103. Stiftungsfestes wurde mit \u00fcberw\u00e4ltigender Mehrheit im Generalconvent des AH Verbandes beschlossen, k\u00fcnftig auch studierende Frauen in die Aktivitas aufzunehmen, was dann auch im Juni 2013 geschah: Im Rahmen einer Massentaufe wurden Aurelia, Aurora, Diabola und Kalliope sowie Rhenus und Astraios aufgenommen.<\/p>\n<p>&nbsp;<\/p>\n","protected":false},"excerpt":{"rendered":"<p>In die TWV Alania k\u00f6nnen sowohl m\u00e4nnliche wie auch weibliche Studenten der Konstanzer Hochschulen aufgenommen werden. Voraussetzung f\u00fcr die Mitgliedschaft ist die Immatrikulation an HTWG oder Universit\u00e4t, die Bereitschaft, aktiv an der Gestaltung des Verbindungslebens mitzuwirken, Verantwortung zu \u00fcbernehmen, im &hellip; <a href=\"https:\/\/twv.alania.de\/?page_id=65\">Weiterlesen <span class=\"meta-nav\">&rarr;<\/span><\/a><\/p>\n","protected":false},"author":1,"featured_media":192,"parent":0,"menu_order":0,"comment_status":"closed","ping_status":"closed","template":"sidebar-page.php","meta":{"ngg_post_thumbnail":0,"footnotes":""},"class_list":["post-65","page","type-page","status-publish","has-post-thumbnail","hentry"],"_links":{"self":[{"href":"https:\/\/twv.alania.de\/index.php?rest_route=\/wp\/v2\/pages\/65","targetHints":{"allow":["GET"]}}],"collection":[{"href":"https:\/\/twv.alania.de\/index.php?rest_route=\/wp\/v2\/pages"}],"about":[{"href":"https:\/\/twv.alania.de\/index.php?rest_route=\/wp\/v2\/types\/page"}],"author":[{"embeddable":true,"href":"https:\/\/twv.alania.de\/index.php?rest_route=\/wp\/v2\/users\/1"}],"replies":[{"embeddable":true,"href":"https:\/\/twv.alania.de\/index.php?rest_route=%2Fwp%2Fv2%2Fcomments&post=65"}],"version-history":[{"count":10,"href":"https:\/\/twv.alania.de\/index.php?rest_route=\/wp\/v2\/pages\/65\/revisions"}],"predecessor-version":[{"id":623,"href":"https:\/\/twv.alania.de\/index.php?rest_route=\/wp\/v2\/pages\/65\/revisions\/623"}],"wp:featuredmedia":[{"embeddable":true,"href":"https:\/\/twv.alania.de\/index.php?rest_route=\/wp\/v2\/media\/192"}],"wp:attachment":[{"href":"https:\/\/twv.alania.de\/index.php?rest_route=%2Fwp%2Fv2%2Fmedia&parent=65"}],"curies":[{"name":"wp","href":"https:\/\/api.w.org\/{rel}","templated":true}]}}