{"id":9,"date":"2012-11-26T11:17:30","date_gmt":"2012-11-26T09:17:30","guid":{"rendered":"http:\/\/alania.de\/?page_id=9"},"modified":"2025-08-10T17:23:17","modified_gmt":"2025-08-10T15:23:17","slug":"konstante","status":"publish","type":"page","link":"https:\/\/twv.alania.de\/?page_id=9","title":{"rendered":"Konstante"},"content":{"rendered":"<p>Unsere Konstante befindet sich momentan in der Oberen Laube 61. Hier finden unsere regelm\u00e4\u00dfig stattfindenden <a href=\"http:\/\/de.wikipedia.org\/wiki\/Kneipe_%28Studentenverbindung%29\" target=\"_blank\" rel=\"noopener\">Kneipen<\/a> statt. Wir schlagen unsere traditionellen <a href=\"http:\/\/de.wikipedia.org\/wiki\/Convent\" target=\"_blank\" rel=\"noopener\">Convente<\/a>, singen, diskutieren und sitzen munter beisammen.<br \/>\nDass wir dabei auch unser Bier trinken, geh\u00f6rt zum studentischen Brauchtum, die Menge bestimmt letztlich aber jeder selbst. Von unseren Mitgliedern erwarten wir Selbstbeherrschung und Disziplin zu m\u00e4\u00dfigem Alkoholkonsum.<\/p>\n<p style=\"text-align: justify;\">Gerne kannst du uns einmal in dieser einzigartigen Umgebung besuchen und dies alles auf dich wirken lassen. Unser Semesterprogramm findest du <a href=\"http:\/\/alania.de\/?page_id=45\">hier <\/a>und falls du noch Fragen hast oder dir etwas unklar sein sollte, so kannst du uns jederzeit \u00fcber die Seite <a href=\"http:\/\/alania.de\/?page_id=124\">Kontakt <\/a>erreichen.<\/p>\n<p style=\"text-align: justify;\">So findest Du uns: An der Oberen Laube 61 (gr\u00fcnes Haus), gegen\u00fcber von der Lutherkirche zwischen Paradiesstra\u00dfe und Hieronymusgasse.<\/p>\n<p><img loading=\"lazy\" decoding=\"async\" class=\"alignnone size-medium wp-image-1109\" src=\"https:\/\/twv.alania.de\/wp-content\/uploads\/2025\/08\/Screenshot-2025-08-10-17.19.52-300x196.png\" alt=\"\" width=\"300\" height=\"196\" srcset=\"https:\/\/twv.alania.de\/wp-content\/uploads\/2025\/08\/Screenshot-2025-08-10-17.19.52-300x196.png 300w, https:\/\/twv.alania.de\/wp-content\/uploads\/2025\/08\/Screenshot-2025-08-10-17.19.52-150x98.png 150w, https:\/\/twv.alania.de\/wp-content\/uploads\/2025\/08\/Screenshot-2025-08-10-17.19.52-459x300.png 459w, https:\/\/twv.alania.de\/wp-content\/uploads\/2025\/08\/Screenshot-2025-08-10-17.19.52.png 516w\" sizes=\"auto, (max-width: 300px) 100vw, 300px\" \/><\/p>\n","protected":false},"excerpt":{"rendered":"<p>Unsere Konstante befindet sich momentan in der Oberen Laube 61. Hier finden unsere regelm\u00e4\u00dfig stattfindenden Kneipen statt. Wir schlagen unsere traditionellen Convente, singen, diskutieren und sitzen munter beisammen. Dass wir dabei auch unser Bier trinken, geh\u00f6rt zum studentischen Brauchtum, die &hellip; <a href=\"https:\/\/twv.alania.de\/?page_id=9\">Weiterlesen <span class=\"meta-nav\">&rarr;<\/span><\/a><\/p>\n","protected":false},"author":1,"featured_media":111,"parent":0,"menu_order":0,"comment_status":"closed","ping_status":"closed","template":"","meta":{"ngg_post_thumbnail":0,"footnotes":""},"class_list":["post-9","page","type-page","status-publish","has-post-thumbnail","hentry"],"_links":{"self":[{"href":"https:\/\/twv.alania.de\/index.php?rest_route=\/wp\/v2\/pages\/9","targetHints":{"allow":["GET"]}}],"collection":[{"href":"https:\/\/twv.alania.de\/index.php?rest_route=\/wp\/v2\/pages"}],"about":[{"href":"https:\/\/twv.alania.de\/index.php?rest_route=\/wp\/v2\/types\/page"}],"author":[{"embeddable":true,"href":"https:\/\/twv.alania.de\/index.php?rest_route=\/wp\/v2\/users\/1"}],"replies":[{"embeddable":true,"href":"https:\/\/twv.alania.de\/index.php?rest_route=%2Fwp%2Fv2%2Fcomments&post=9"}],"version-history":[{"count":8,"href":"https:\/\/twv.alania.de\/index.php?rest_route=\/wp\/v2\/pages\/9\/revisions"}],"predecessor-version":[{"id":1111,"href":"https:\/\/twv.alania.de\/index.php?rest_route=\/wp\/v2\/pages\/9\/revisions\/1111"}],"wp:featuredmedia":[{"embeddable":true,"href":"https:\/\/twv.alania.de\/index.php?rest_route=\/wp\/v2\/media\/111"}],"wp:attachment":[{"href":"https:\/\/twv.alania.de\/index.php?rest_route=%2Fwp%2Fv2%2Fmedia&parent=9"}],"curies":[{"name":"wp","href":"https:\/\/api.w.org\/{rel}","templated":true}]}}